{"id":2748,"date":"2020-12-17T09:16:41","date_gmt":"2020-12-17T08:16:41","guid":{"rendered":"https:\/\/izacat.com\/?page_id=2748"},"modified":"2025-04-14T17:05:24","modified_gmt":"2025-04-14T15:05:24","slug":"equip","status":"publish","type":"page","link":"https:\/\/izacat.com\/ca\/equip\/","title":{"rendered":"Equip"},"content":{"rendered":"\t\t<div data-elementor-type=\"wp-page\" data-elementor-id=\"2748\" class=\"elementor elementor-2748 elementor-216\" data-elementor-post-type=\"page\">\n\t\t\t\t\t\t<section class=\"elementor-section elementor-top-section elementor-element elementor-element-36f7f7b elementor-section-full_width elementor-section-height-default elementor-section-height-default\" data-id=\"36f7f7b\" data-element_type=\"section\">\n\t\t\t\t\t\t<div class=\"elementor-container elementor-column-gap-default\">\n\t\t\t\t\t<div class=\"elementor-column elementor-col-100 elementor-top-column elementor-element elementor-element-e6a981d\" data-id=\"e6a981d\" data-element_type=\"column\">\n\t\t\t<div class=\"elementor-widget-wrap elementor-element-populated\">\n\t\t\t\t\t\t<div class=\"elementor-element elementor-element-14610f8 elementor-widget elementor-widget-gva_post_breadcrumb\" data-id=\"14610f8\" data-element_type=\"widget\" data-widget_type=\"gva_post_breadcrumb.default\">\n\t\t\t\t<div class=\"elementor-widget-container\">\n\t\t\t\t\t<div class=\"gva-element-gva_post_breadcrumb gva-element\">   \r\n<div class=\"post-breadcrumb\">\r\n   <div class=\"custom-breadcrumb \" >\r\n            <div class=\"breadcrumb-main\">\r\n        <div class=\"container\">\r\n          <div class=\"breadcrumb-container-inner\">\r\n            <h2 class=\"heading-title\">Equip<\/h2><ol class=\"breadcrumb\"><li><a href=\"https:\/\/izacat.com\/ca\/\">Home<\/a> <\/li> <li class=\"active\">P\u00e0gina<\/li><\/ol>          <\/div>  \r\n        <\/div>   \r\n      <\/div>  \r\n   <\/div>\r\n<\/div>      \r\n\r\n<\/div>\t\t\t\t<\/div>\n\t\t\t\t<\/div>\n\t\t\t\t\t<\/div>\n\t\t<\/div>\n\t\t\t\t\t<\/div>\n\t\t<\/section>\n\t\t\t\t<section class=\"elementor-section elementor-top-section elementor-element elementor-element-4a2ee64 elementor-section-boxed elementor-section-height-default elementor-section-height-default\" data-id=\"4a2ee64\" data-element_type=\"section\" data-settings=\"{&quot;background_background&quot;:&quot;classic&quot;}\">\n\t\t\t\t\t\t<div class=\"elementor-container elementor-column-gap-default\">\n\t\t\t\t\t<div class=\"elementor-column elementor-col-100 elementor-top-column elementor-element elementor-element-888080f\" data-id=\"888080f\" data-element_type=\"column\">\n\t\t\t<div class=\"elementor-widget-wrap elementor-element-populated\">\n\t\t\t\t\t\t<div class=\"elementor-element elementor-element-20e875c elementor-widget elementor-widget-gva-heading-block\" data-id=\"20e875c\" data-element_type=\"widget\" data-widget_type=\"gva-heading-block.default\">\n\t\t\t\t<div class=\"elementor-widget-container\">\n\t\t\t\t\t<div class=\"gva-element-gva-heading-block gva-element\">   <div class=\"align-center style-1 widget gsc-heading box-align-center auto-responsive\">\r\n      <div class=\"content-inner\">\r\n         \r\n         \r\n         <div class=\"heading-line\"><span><\/span><span><\/span><\/div>\r\n                     <div class=\"sub-title\">\r\n               <span class=\"tagline\">Professionals<\/span> \r\n            <\/div>\r\n           \r\n         \r\n                     <h2 class=\"title\">\r\n               <span>Coneix els nostres experts<\/span>\r\n            <\/h2>\r\n                  \r\n         \r\n      <\/div>\r\n   <\/div>\r\n<\/div>\t\t\t\t<\/div>\n\t\t\t\t<\/div>\n\t\t\t\t<div class=\"elementor-element elementor-element-37ffc1e elementor-widget elementor-widget-gva-team\" data-id=\"37ffc1e\" data-element_type=\"widget\" data-widget_type=\"gva-team.default\">\n\t\t\t\t<div class=\"elementor-widget-container\">\n\t\t\t\t\t<div class=\"gva-element-gva-team gva-element\">\r\n<div class=\"gsc-team layout-grid\">\r\n   <div class=\"lg-block-grid-4 md-block-grid-3 sm-block-grid-2 xs-block-grid-1 xx-block-grid-1\">\r\n               <div class=\"item-columns\">\r\n            \r\n   <div class=\"gsc-team-item\">\r\n   \t   \t\t<div class=\"team-image\">\r\n            <img decoding=\"async\"  src=\"https:\/\/izacat.com\/wp-content\/uploads\/2024\/04\/JDC_resultado-2-1.jpg\" alt=\"\" \/>  \r\n            <div class=\"socials-team\">\r\n               \t\t  <a href=\"https:\/\/www.linkedin.com\/in\/jesus-debasa-calaza\/\">\r\n\t\t\t <i class=\"fa fa-linkedin\"><\/i>\t\t  <\/a>\r\n\t\t                                                              \r\n            <\/div>\r\n   \t\t<\/div>\r\n   \t\t\r\n      <div class=\"team-content\">\r\n   \t\t   \t\t\t<h3 class=\"team-name\">\r\n               Jesus Debasa   \r\n            <\/h3>\r\n   \t\t   \t\t   \t\t\t<div class=\"team-job\">Director General<\/div>\r\n   \t\t   \t<\/div>\r\n   <\/div>\t\t\r\n\r\n         <\/div>\r\n               <div class=\"item-columns\">\r\n            \r\n   <div class=\"gsc-team-item\">\r\n   \t   \t\t<div class=\"team-image\">\r\n            <img decoding=\"async\"  src=\"https:\/\/izacat.com\/wp-content\/uploads\/2024\/04\/Lorena_resultado-1.jpg\" alt=\"\" \/>  \r\n            <div class=\"socials-team\">\r\n                                                                           \r\n            <\/div>\r\n   \t\t<\/div>\r\n   \t\t\r\n      <div class=\"team-content\">\r\n   \t\t   \t\t\t<h3 class=\"team-name\">\r\n               Lorena Rocamora   \r\n            <\/h3>\r\n   \t\t   \t\t   \t\t\t<div class=\"team-job\">Departament comptabilitat<\/div>\r\n   \t\t   \t<\/div>\r\n   <\/div>\t\t\r\n\r\n         <\/div>\r\n               <div class=\"item-columns\">\r\n            \r\n   <div class=\"gsc-team-item\">\r\n   \t   \t\t<div class=\"team-image\">\r\n            <img decoding=\"async\"  src=\"https:\/\/izacat.com\/wp-content\/uploads\/2024\/04\/Mel_resultado-1.jpg\" alt=\"\" \/>  \r\n            <div class=\"socials-team\">\r\n                                                                           \r\n            <\/div>\r\n   \t\t<\/div>\r\n   \t\t\r\n      <div class=\"team-content\">\r\n   \t\t   \t\t\t<h3 class=\"team-name\">\r\n               Melania Peralta   \r\n            <\/h3>\r\n   \t\t   \t\t   \t\t\t<div class=\"team-job\">Departament comptabilitat<\/div>\r\n   \t\t   \t<\/div>\r\n   <\/div>\t\t\r\n\r\n         <\/div>\r\n               <div class=\"item-columns\">\r\n            \r\n   <div class=\"gsc-team-item\">\r\n   \t   \t\t<div class=\"team-image\">\r\n            <img decoding=\"async\"  src=\"https:\/\/izacat.com\/wp-content\/uploads\/2024\/04\/Jesus-Mondelo_resultado-1.jpg\" alt=\"\" \/>  \r\n            <div class=\"socials-team\">\r\n                                                                           \r\n            <\/div>\r\n   \t\t<\/div>\r\n   \t\t\r\n      <div class=\"team-content\">\r\n   \t\t   \t\t\t<h3 class=\"team-name\">\r\n               Jes\u00fas Mondelo   \r\n            <\/h3>\r\n   \t\t   \t\t   \t\t\t<div class=\"team-job\">Departament comptabilitat<\/div>\r\n   \t\t   \t<\/div>\r\n   <\/div>\t\t\r\n\r\n         <\/div>\r\n         <\/div>   \r\n<\/div>\r\n<\/div>\t\t\t\t<\/div>\n\t\t\t\t<\/div>\n\t\t\t\t<div class=\"elementor-element elementor-element-e240ac1 elementor-widget elementor-widget-gva-team\" data-id=\"e240ac1\" data-element_type=\"widget\" data-widget_type=\"gva-team.default\">\n\t\t\t\t<div class=\"elementor-widget-container\">\n\t\t\t\t\t<div class=\"gva-element-gva-team gva-element\">\r\n<div class=\"gsc-team layout-grid\">\r\n   <div class=\"lg-block-grid-4 md-block-grid-3 sm-block-grid-2 xs-block-grid-1 xx-block-grid-1\">\r\n               <div class=\"item-columns\">\r\n            \r\n   <div class=\"gsc-team-item\">\r\n   \t   \t\t<div class=\"team-image\">\r\n            <img decoding=\"async\"  src=\"https:\/\/izacat.com\/wp-content\/uploads\/2024\/04\/Maite_resultado-1.jpg\" alt=\"\" \/>  \r\n            <div class=\"socials-team\">\r\n                                                                           \r\n            <\/div>\r\n   \t\t<\/div>\r\n   \t\t\r\n      <div class=\"team-content\">\r\n   \t\t   \t\t\t<h3 class=\"team-name\">\r\n               Maite S\u00e1nchez   \r\n            <\/h3>\r\n   \t\t   \t\t   \t\t\t<div class=\"team-job\">Departament laboral<\/div>\r\n   \t\t   \t<\/div>\r\n   <\/div>\t\t\r\n\r\n         <\/div>\r\n               <div class=\"item-columns\">\r\n            \r\n   <div class=\"gsc-team-item\">\r\n   \t   \t\t<div class=\"team-image\">\r\n            <img decoding=\"async\"  src=\"https:\/\/izacat.com\/wp-content\/uploads\/2024\/04\/Yolanda-Laboral_resultado-1.jpg\" alt=\"\" \/>  \r\n            <div class=\"socials-team\">\r\n                                                                           \r\n            <\/div>\r\n   \t\t<\/div>\r\n   \t\t\r\n      <div class=\"team-content\">\r\n   \t\t   \t\t\t<h3 class=\"team-name\">\r\n               Yolanda P\u00e9rez   \r\n            <\/h3>\r\n   \t\t   \t\t   \t\t\t<div class=\"team-job\">Departament laboral<\/div>\r\n   \t\t   \t<\/div>\r\n   <\/div>\t\t\r\n\r\n         <\/div>\r\n               <div class=\"item-columns\">\r\n            \r\n   <div class=\"gsc-team-item\">\r\n   \t   \t\t<div class=\"team-image\">\r\n            <img decoding=\"async\"  src=\"https:\/\/izacat.com\/wp-content\/uploads\/2024\/04\/Adria-Laboral_resultado-2.jpg\" alt=\"\" \/>  \r\n            <div class=\"socials-team\">\r\n                                                                           \r\n            <\/div>\r\n   \t\t<\/div>\r\n   \t\t\r\n      <div class=\"team-content\">\r\n   \t\t   \t\t\t<h3 class=\"team-name\">\r\n               Adri\u00e0 Trias   \r\n            <\/h3>\r\n   \t\t   \t\t   \t\t\t<div class=\"team-job\">Departament laboral<\/div>\r\n   \t\t   \t<\/div>\r\n   <\/div>\t\t\r\n\r\n         <\/div>\r\n               <div class=\"item-columns\">\r\n            \r\n   <div class=\"gsc-team-item\">\r\n   \t   \t\t<div class=\"team-image\">\r\n            <img decoding=\"async\"  src=\"https:\/\/izacat.com\/wp-content\/uploads\/2024\/04\/jordi-asenjo.png\" alt=\"\" \/>  \r\n            <div class=\"socials-team\">\r\n                                                                           \r\n            <\/div>\r\n   \t\t<\/div>\r\n   \t\t\r\n      <div class=\"team-content\">\r\n   \t\t   \t\t\t<h3 class=\"team-name\">\r\n               Jordi Asenjo   \r\n            <\/h3>\r\n   \t\t   \t\t   \t\t\t<div class=\"team-job\">Consultor<\/div>\r\n   \t\t   \t<\/div>\r\n   <\/div>\t\t\r\n\r\n         <\/div>\r\n         <\/div>   \r\n<\/div>\r\n<\/div>\t\t\t\t<\/div>\n\t\t\t\t<\/div>\n\t\t\t\t\t<\/div>\n\t\t<\/div>\n\t\t\t\t\t<\/div>\n\t\t<\/section>\n\t\t\t\t<section class=\"elementor-section elementor-top-section elementor-element elementor-element-83a02d1 elementor-section-boxed elementor-section-height-default elementor-section-height-default\" data-id=\"83a02d1\" data-element_type=\"section\" data-settings=\"{&quot;background_background&quot;:&quot;classic&quot;}\">\n\t\t\t\t\t\t\t<div class=\"elementor-background-overlay\"><\/div>\n\t\t\t\t\t\t\t<div class=\"elementor-container elementor-column-gap-default\">\n\t\t\t\t\t<div class=\"elementor-column elementor-col-50 elementor-top-column elementor-element elementor-element-68cf953\" data-id=\"68cf953\" data-element_type=\"column\">\n\t\t\t<div class=\"elementor-widget-wrap elementor-element-populated\">\n\t\t\t\t\t\t<div class=\"elementor-element elementor-element-e47ab21 elementor-widget elementor-widget-gva-heading-block\" data-id=\"e47ab21\" data-element_type=\"widget\" data-widget_type=\"gva-heading-block.default\">\n\t\t\t\t<div class=\"elementor-widget-container\">\n\t\t\t\t\t<div class=\"gva-element-gva-heading-block gva-element\">   <div class=\"align-left style-1 widget gsc-heading box-align-left auto-responsive\">\r\n      <div class=\"content-inner\">\r\n         \r\n         \r\n         \r\n           \r\n         \r\n                     <h2 class=\"title\">\r\n               <span>Transforma tu farmacia con IZACAT. <br>Cont\u00e1ctanos ahora y alcanza el \u00e9xito que mereces<\/span>\r\n            <\/h2>\r\n                  \r\n         \r\n      <\/div>\r\n   <\/div>\r\n<\/div>\t\t\t\t<\/div>\n\t\t\t\t<\/div>\n\t\t\t\t\t<\/div>\n\t\t<\/div>\n\t\t\t\t<div class=\"elementor-column elementor-col-50 elementor-top-column elementor-element elementor-element-11999d3\" data-id=\"11999d3\" data-element_type=\"column\">\n\t\t\t<div class=\"elementor-widget-wrap elementor-element-populated\">\n\t\t\t\t\t\t<div class=\"elementor-element elementor-element-0dd011f elementor-widget__width-auto elementor-widget elementor-widget-html\" data-id=\"0dd011f\" data-element_type=\"widget\" data-widget_type=\"html.default\">\n\t\t\t\t<div class=\"elementor-widget-container\">\n\t\t\t\t\t<a class=\"btn-white\" href=\"https:\/\/izacat.com\/contacta\/\">\n    CONSULTA GRATIS\n<\/a>\t\t\t\t<\/div>\n\t\t\t\t<\/div>\n\t\t\t\t\t<\/div>\n\t\t<\/div>\n\t\t\t\t\t<\/div>\n\t\t<\/section>\n\t\t\t\t<\/div>\n\t\t","protected":false},"excerpt":{"rendered":"<p>Equip Home P\u00e1gina Professionals Coneix els nostres experts Jesus Debasa Director General Lorena Rocamora Departament comptabilitat Melania Peralta Departament comptabilitat Jes\u00fas Mondelo Departament comptabilitat Maite S\u00e1nchez Departament laboral Yolanda P\u00e9rez [&hellip;]<\/p>\n","protected":false},"author":2,"featured_media":0,"parent":0,"menu_order":0,"comment_status":"closed","ping_status":"closed","template":"","meta":{"_joinchat":[],"footnotes":""},"class_list":["post-2748","page","type-page","status-publish","hentry"],"yoast_head":"<!-- This site is optimized with the Yoast SEO plugin v25.6 - https:\/\/yoast.com\/wordpress\/plugins\/seo\/ -->\n<title>Equip - Izacat - Consultor\u00eda y asesor\u00eda para oficinas de farmacias<\/title>\n<meta name=\"robots\" content=\"index, follow, max-snippet:-1, max-image-preview:large, max-video-preview:-1\" \/>\n<link rel=\"canonical\" href=\"https:\/\/izacat.com\/equipo\/\" \/>\n<meta property=\"og:locale\" content=\"ca_ES\" \/>\n<meta property=\"og:type\" content=\"article\" \/>\n<meta property=\"og:title\" content=\"Equip - Izacat - Consultor\u00eda y asesor\u00eda para oficinas de farmacias\" \/>\n<meta property=\"og:description\" content=\"Equip Home P\u00e1gina Professionals Coneix els nostres experts Jesus Debasa Director General Lorena Rocamora Departament comptabilitat Melania Peralta Departament comptabilitat Jes\u00fas Mondelo Departament comptabilitat Maite S\u00e1nchez Departament laboral Yolanda P\u00e9rez [&hellip;]\" \/>\n<meta property=\"og:url\" content=\"https:\/\/izacat.com\/equipo\/\" \/>\n<meta property=\"og:site_name\" content=\"Izacat - Consultor\u00eda y asesor\u00eda para oficinas de farmacias\" \/>\n<meta property=\"article:modified_time\" content=\"2025-04-14T15:05:24+00:00\" \/>\n<meta property=\"og:image\" content=\"https:\/\/izacat.com\/wp-content\/uploads\/2024\/04\/JDC_resultado-2-1.jpg\" \/>\n<meta name=\"twitter:card\" content=\"summary_large_image\" \/>\n<meta name=\"twitter:label1\" content=\"Temps estimat de lectura\" \/>\n\t<meta name=\"twitter:data1\" content=\"2 minuts\" \/>\n<script type=\"application\/ld+json\" class=\"yoast-schema-graph\">{\"@context\":\"https:\/\/schema.org\",\"@graph\":[{\"@type\":\"WebPage\",\"@id\":\"https:\/\/izacat.com\/equipo\/\",\"url\":\"https:\/\/izacat.com\/equipo\/\",\"name\":\"Equip - Izacat - Consultor\u00eda y asesor\u00eda para oficinas de farmacias\",\"isPartOf\":{\"@id\":\"https:\/\/izacat.com\/#website\"},\"primaryImageOfPage\":{\"@id\":\"https:\/\/izacat.com\/equipo\/#primaryimage\"},\"image\":{\"@id\":\"https:\/\/izacat.com\/equipo\/#primaryimage\"},\"thumbnailUrl\":\"https:\/\/izacat.com\/wp-content\/uploads\/2024\/04\/JDC_resultado-2-1.jpg\",\"datePublished\":\"2020-12-17T08:16:41+00:00\",\"dateModified\":\"2025-04-14T15:05:24+00:00\",\"breadcrumb\":{\"@id\":\"https:\/\/izacat.com\/equipo\/#breadcrumb\"},\"inLanguage\":\"ca\",\"potentialAction\":[{\"@type\":\"ReadAction\",\"target\":[\"https:\/\/izacat.com\/equipo\/\"]}]},{\"@type\":\"ImageObject\",\"inLanguage\":\"ca\",\"@id\":\"https:\/\/izacat.com\/equipo\/#primaryimage\",\"url\":\"https:\/\/izacat.com\/wp-content\/uploads\/2024\/04\/JDC_resultado-2-1.jpg\",\"contentUrl\":\"https:\/\/izacat.com\/wp-content\/uploads\/2024\/04\/JDC_resultado-2-1.jpg\"},{\"@type\":\"BreadcrumbList\",\"@id\":\"https:\/\/izacat.com\/equipo\/#breadcrumb\",\"itemListElement\":[{\"@type\":\"ListItem\",\"position\":1,\"name\":\"Portada\",\"item\":\"https:\/\/izacat.com\/ca\/\"},{\"@type\":\"ListItem\",\"position\":2,\"name\":\"Equip\"}]},{\"@type\":\"WebSite\",\"@id\":\"https:\/\/izacat.com\/#website\",\"url\":\"https:\/\/izacat.com\/\",\"name\":\"Izacat - Consultor\u00eda y asesor\u00eda para oficinas de farmacias\",\"description\":\"Consultor\u00eda y asesor\u00eda especializada de tu oficina  de farmacia\",\"potentialAction\":[{\"@type\":\"SearchAction\",\"target\":{\"@type\":\"EntryPoint\",\"urlTemplate\":\"https:\/\/izacat.com\/?s={search_term_string}\"},\"query-input\":{\"@type\":\"PropertyValueSpecification\",\"valueRequired\":true,\"valueName\":\"search_term_string\"}}],\"inLanguage\":\"ca\"}]}<\/script>\n<!-- \/ Yoast SEO plugin. -->","yoast_head_json":{"title":"Equip - Izacat - Consultor\u00eda y asesor\u00eda para oficinas de farmacias","robots":{"index":"index","follow":"follow","max-snippet":"max-snippet:-1","max-image-preview":"max-image-preview:large","max-video-preview":"max-video-preview:-1"},"canonical":"https:\/\/izacat.com\/equipo\/","og_locale":"ca_ES","og_type":"article","og_title":"Equip - Izacat - Consultor\u00eda y asesor\u00eda para oficinas de farmacias","og_description":"Equip Home P\u00e1gina Professionals Coneix els nostres experts Jesus Debasa Director General Lorena Rocamora Departament comptabilitat Melania Peralta Departament comptabilitat Jes\u00fas Mondelo Departament comptabilitat Maite S\u00e1nchez Departament laboral Yolanda P\u00e9rez [&hellip;]","og_url":"https:\/\/izacat.com\/equipo\/","og_site_name":"Izacat - Consultor\u00eda y asesor\u00eda para oficinas de farmacias","article_modified_time":"2025-04-14T15:05:24+00:00","og_image":[{"url":"https:\/\/izacat.com\/wp-content\/uploads\/2024\/04\/JDC_resultado-2-1.jpg","type":"","width":"","height":""}],"twitter_card":"summary_large_image","twitter_misc":{"Temps estimat de lectura":"2 minuts"},"schema":{"@context":"https:\/\/schema.org","@graph":[{"@type":"WebPage","@id":"https:\/\/izacat.com\/equipo\/","url":"https:\/\/izacat.com\/equipo\/","name":"Equip - Izacat - Consultor\u00eda y asesor\u00eda para oficinas de farmacias","isPartOf":{"@id":"https:\/\/izacat.com\/#website"},"primaryImageOfPage":{"@id":"https:\/\/izacat.com\/equipo\/#primaryimage"},"image":{"@id":"https:\/\/izacat.com\/equipo\/#primaryimage"},"thumbnailUrl":"https:\/\/izacat.com\/wp-content\/uploads\/2024\/04\/JDC_resultado-2-1.jpg","datePublished":"2020-12-17T08:16:41+00:00","dateModified":"2025-04-14T15:05:24+00:00","breadcrumb":{"@id":"https:\/\/izacat.com\/equipo\/#breadcrumb"},"inLanguage":"ca","potentialAction":[{"@type":"ReadAction","target":["https:\/\/izacat.com\/equipo\/"]}]},{"@type":"ImageObject","inLanguage":"ca","@id":"https:\/\/izacat.com\/equipo\/#primaryimage","url":"https:\/\/izacat.com\/wp-content\/uploads\/2024\/04\/JDC_resultado-2-1.jpg","contentUrl":"https:\/\/izacat.com\/wp-content\/uploads\/2024\/04\/JDC_resultado-2-1.jpg"},{"@type":"BreadcrumbList","@id":"https:\/\/izacat.com\/equipo\/#breadcrumb","itemListElement":[{"@type":"ListItem","position":1,"name":"Portada","item":"https:\/\/izacat.com\/ca\/"},{"@type":"ListItem","position":2,"name":"Equip"}]},{"@type":"WebSite","@id":"https:\/\/izacat.com\/#website","url":"https:\/\/izacat.com\/","name":"Izacat - Consultor\u00eda y asesor\u00eda para oficinas de farmacias","description":"Consultor\u00eda y asesor\u00eda especializada de tu oficina  de farmacia","potentialAction":[{"@type":"SearchAction","target":{"@type":"EntryPoint","urlTemplate":"https:\/\/izacat.com\/?s={search_term_string}"},"query-input":{"@type":"PropertyValueSpecification","valueRequired":true,"valueName":"search_term_string"}}],"inLanguage":"ca"}]}},"_links":{"self":[{"href":"https:\/\/izacat.com\/ca\/wp-json\/wp\/v2\/pages\/2748","targetHints":{"allow":["GET"]}}],"collection":[{"href":"https:\/\/izacat.com\/ca\/wp-json\/wp\/v2\/pages"}],"about":[{"href":"https:\/\/izacat.com\/ca\/wp-json\/wp\/v2\/types\/page"}],"author":[{"embeddable":true,"href":"https:\/\/izacat.com\/ca\/wp-json\/wp\/v2\/users\/2"}],"replies":[{"embeddable":true,"href":"https:\/\/izacat.com\/ca\/wp-json\/wp\/v2\/comments?post=2748"}],"version-history":[{"count":29,"href":"https:\/\/izacat.com\/ca\/wp-json\/wp\/v2\/pages\/2748\/revisions"}],"predecessor-version":[{"id":3052,"href":"https:\/\/izacat.com\/ca\/wp-json\/wp\/v2\/pages\/2748\/revisions\/3052"}],"wp:attachment":[{"href":"https:\/\/izacat.com\/ca\/wp-json\/wp\/v2\/media?parent=2748"}],"curies":[{"name":"wp","href":"https:\/\/api.w.org\/{rel}","templated":true}]}}