{"id":2613,"date":"2022-11-16T09:43:18","date_gmt":"2022-11-16T08:43:18","guid":{"rendered":"https:\/\/izacat.com\/?page_id=2613"},"modified":"2024-03-21T09:26:01","modified_gmt":"2024-03-21T09:26:01","slug":"avis-legal","status":"publish","type":"page","link":"https:\/\/izacat.com\/ca\/avis-legal\/","title":{"rendered":"Av\u00eds legal"},"content":{"rendered":"\t\t<div data-elementor-type=\"wp-page\" data-elementor-id=\"2613\" class=\"elementor elementor-2613 elementor-11\" data-elementor-post-type=\"page\">\n\t\t\t\t\t\t<section class=\"elementor-section elementor-top-section elementor-element elementor-element-b2e7889 elementor-section-boxed elementor-section-height-default elementor-section-height-default\" data-id=\"b2e7889\" data-element_type=\"section\">\n\t\t\t\t\t\t<div class=\"elementor-container elementor-column-gap-default\">\n\t\t\t\t\t<div class=\"elementor-column elementor-col-100 elementor-top-column elementor-element elementor-element-de96246\" data-id=\"de96246\" data-element_type=\"column\">\n\t\t\t<div class=\"elementor-widget-wrap elementor-element-populated\">\n\t\t\t\t\t\t<div class=\"elementor-element elementor-element-c5e39b0 elementor-widget elementor-widget-text-editor\" data-id=\"c5e39b0\" data-element_type=\"widget\" data-widget_type=\"text-editor.default\">\n\t\t\t\t<div class=\"elementor-widget-container\">\n\t\t\t\t\t\t\t\t\t<div class=\"elementor-element elementor-element-8a66503 elementor-widget elementor-widget-heading\" data-id=\"8a66503\" data-element_type=\"widget\" data-widget_type=\"heading.default\"><div class=\"elementor-widget-container\"><div class=\"elementor-element elementor-element-8a66503 elementor-widget elementor-widget-heading\" data-id=\"8a66503\" data-element_type=\"widget\" data-widget_type=\"heading.default\"><div class=\"elementor-widget-container\"><div class=\"elementor-element elementor-element-8a66503 elementor-widget elementor-widget-heading\" data-id=\"8a66503\" data-element_type=\"widget\" data-widget_type=\"heading.default\"><div class=\"elementor-widget-container\"><h2 class=\"elementor-heading-title elementor-size-default\">PULLMAN ASESORES<\/h2><\/div><\/div><div class=\"elementor-element elementor-element-9820803 elementor-widget elementor-widget-text-editor\" data-id=\"9820803\" data-element_type=\"widget\" data-widget_type=\"text-editor.default\"><div class=\"elementor-widget-container\"><div class=\"elementor-element elementor-element-24d9d44 elementor-widget elementor-widget-text-editor\" data-id=\"24d9d44\" data-element_type=\"widget\" data-widget_type=\"text-editor.default\"><div class=\"elementor-widget-container\"><p><b>Informaci\u00f3 de Conformitat amb l\u2019article 10 de la LSSI<\/b><\/p><p><b>La titular d\u2019aquesta web \u00e9s:<\/b><\/p><p>Identitat:\u00a0<span style=\"color: var( --e-global-color-text ); font-family: var( --e-global-typography-text-font-family ), Sans-serif; font-weight: var( --e-global-typography-text-font-weight ); font-size: 1rem;\">PULLMAN ASESORES<\/span><\/p><p>NIF: B66563552<\/p><p>Adre\u00e7a: Calle Madrazo 27, 1\u00ba, 1\u00aa y 2\u00aa, 08006, Barcelona<\/p><p>Tel.: 936 241 148<\/p><p>Email: <span id=\"eeb-939248-163482\">info@pyp-asociados.com<\/span><i class=\"eeb-encoded dashicons-before dashicons-lock\" title=\"Email encoded successfully!\"><\/i><\/p><p><b>Condicions d\u2019\u00fas<\/b><\/p><p>L\u2019\u00fas d\u2019aquest web implica l\u2019acceptaci\u00f3 plena dels termes i condicions del present av\u00eds legal. Els possibles conflictes relatius a aquest web es regiran exclusivament pel dret de l\u2019Estat espanyol. Tota persona usu\u00e0ria del web, independentment de la jurisdicci\u00f3 territorial des de la qual es produeixi el seu acc\u00e9s, accepta el compliment i respecte d\u2019aquestes cl\u00e0usules amb ren\u00fancia expressa a qualsevol altre fur que li pogu\u00e9s correspondre.<\/p><p><b>Propietat intel\u00b7lectual i industrial<\/b><\/p><p>La totalitat del contingut d\u2019aquest lloc web, ja siguin textos, imatges, sons, marques, logotips o altres elements, aix\u00ed com subestructura, disseny, combinacions de colors o forma de presentaci\u00f3 dels materials, estan protegits per drets de propietat industrial i intel\u00b7lectual que l\u2019usuari d\u2019aquest lloc web ha de respectar. No \u00e9s l\u00edcita la seva transformaci\u00f3 o alteraci\u00f3, comunicaci\u00f3 p\u00fablica o qualsevol altra forma d\u2019explotaci\u00f3 per qualsevol procediment sense l\u2019autoritzaci\u00f3 expressa de <span style=\"color: var( --e-global-color-text ); font-family: var( --e-global-typography-text-font-family ), Sans-serif; font-weight: var( --e-global-typography-text-font-weight ); font-size: 1rem;\">PULLMAN ASESORES<\/span>.<\/p><p><b>Responsabilitat sobre els continguts<\/b><\/p><p>Encara que <span style=\"color: var( --e-global-color-text ); font-family: var( --e-global-typography-text-font-family ), Sans-serif; font-weight: var( --e-global-typography-text-font-weight ); font-size: 1rem;\">PULLMAN ASESORES<\/span> actua amb la m\u00e0xima dilig\u00e8ncia possible, es pot donar el cas que alguna dada o informaci\u00f3 no estigui del tot actualitzada en el moment que l\u2019usuari del lloc web el consulti. Per aix\u00f2, les informacions que es presenten en aquesta web tenen una funci\u00f3 orientativa i no obliguen a <span style=\"color: var( --e-global-color-text ); font-family: var( --e-global-typography-text-font-family ), Sans-serif; font-weight: var( --e-global-typography-text-font-weight ); font-size: 1rem;\">PULLMAN ASESORES<\/span>.<\/p><p><span style=\"color: var( --e-global-color-text ); font-family: var( --e-global-typography-text-font-family ), Sans-serif; font-weight: var( --e-global-typography-text-font-weight ); font-size: 1rem;\">PULLMAN ASESORES<\/span> no ser\u00e0 responsable de la informaci\u00f3 que es pugui obtenir a trav\u00e9s d\u2019enlla\u00e7os inclosos en la seva web.<\/p><p><span style=\"color: var( --e-global-color-text ); font-family: var( --e-global-typography-text-font-family ), Sans-serif; font-weight: var( --e-global-typography-text-font-weight ); font-size: 1rem;\">PULLMAN ASESORES<\/span> es reserva la facultat de realitzar, en qualsevol moment i sense necessitat de preav\u00eds, modificacions o actualitzacions de la informaci\u00f3 i de qualsevol dels elements que integrin el disseny i configuraci\u00f3 de la p\u00e0gina web.<\/p><p><b>Llei aplicable i jurisdicci\u00f3:<\/b><\/p><p>L\u2019\u00fas d\u2019aquest lloc web implica l\u2019acceptaci\u00f3 plena dels termes i condicions en el present av\u00eds legal. Els possibles conflictes relatius a aquest web es regiran exclusivament per la legislaci\u00f3 espanyola, sent competents els Jutjats i Tribunals espanyols per a con\u00e8ixer qualsevol q\u00fcesti\u00f3 que es susciti sobre ella. L\u2019usuari, en virtut de la seva acceptaci\u00f3 ren\u00fancia expressament a qualsevol fur que per aplicaci\u00f3 de la Llei d\u2019Enjudiciament Civil vigent li\u00a0 pogu\u00e9s correspondre.<\/p><\/div><\/div><\/div><\/div><\/div><\/div><\/div><\/div>\t\t\t\t\t\t\t\t<\/div>\n\t\t\t\t<\/div>\n\t\t\t\t\t<\/div>\n\t\t<\/div>\n\t\t\t\t\t<\/div>\n\t\t<\/section>\n\t\t\t\t<\/div>\n\t\t","protected":false},"excerpt":{"rendered":"<p>PULLMAN ASESORES Informaci\u00f3 de Conformitat amb l\u2019article 10 de la LSSI La titular d\u2019aquesta web \u00e9s: Identitat:\u00a0PULLMAN ASESORES NIF: B66563552 Adre\u00e7a: Calle Madrazo 27, 1\u00ba, 1\u00aa y 2\u00aa, 08006, Barcelona [&hellip;]<\/p>\n","protected":false},"author":2,"featured_media":0,"parent":0,"menu_order":0,"comment_status":"closed","ping_status":"closed","template":"","meta":{"_joinchat":[],"footnotes":""},"class_list":["post-2613","page","type-page","status-publish","hentry"],"yoast_head":"<!-- This site is optimized with the Yoast SEO plugin v25.6 - https:\/\/yoast.com\/wordpress\/plugins\/seo\/ -->\n<title>Av\u00eds legal - Izacat - Consultor\u00eda y asesor\u00eda para oficinas de farmacias<\/title>\n<meta name=\"robots\" content=\"index, follow, max-snippet:-1, max-image-preview:large, max-video-preview:-1\" \/>\n<link rel=\"canonical\" href=\"https:\/\/izacat.com\/ca\/avis-legal\/\" \/>\n<meta property=\"og:locale\" content=\"ca_ES\" \/>\n<meta property=\"og:type\" content=\"article\" \/>\n<meta property=\"og:title\" content=\"Av\u00eds legal - Izacat - Consultor\u00eda y asesor\u00eda para oficinas de farmacias\" \/>\n<meta property=\"og:description\" content=\"PULLMAN ASESORES Informaci\u00f3 de Conformitat amb l\u2019article 10 de la LSSI La titular d\u2019aquesta web \u00e9s: Identitat:\u00a0PULLMAN ASESORES NIF: B66563552 Adre\u00e7a: Calle Madrazo 27, 1\u00ba, 1\u00aa y 2\u00aa, 08006, Barcelona [&hellip;]\" \/>\n<meta property=\"og:url\" content=\"https:\/\/izacat.com\/ca\/avis-legal\/\" \/>\n<meta property=\"og:site_name\" content=\"Izacat - Consultor\u00eda y asesor\u00eda para oficinas de farmacias\" \/>\n<meta property=\"article:modified_time\" content=\"2024-03-21T09:26:01+00:00\" \/>\n<meta name=\"twitter:card\" content=\"summary_large_image\" \/>\n<meta name=\"twitter:label1\" content=\"Temps estimat de lectura\" \/>\n\t<meta name=\"twitter:data1\" content=\"2 minuts\" \/>\n<script type=\"application\/ld+json\" class=\"yoast-schema-graph\">{\"@context\":\"https:\/\/schema.org\",\"@graph\":[{\"@type\":\"WebPage\",\"@id\":\"https:\/\/izacat.com\/ca\/avis-legal\/\",\"url\":\"https:\/\/izacat.com\/ca\/avis-legal\/\",\"name\":\"Av\u00eds legal - Izacat - Consultor\u00eda y asesor\u00eda para oficinas de farmacias\",\"isPartOf\":{\"@id\":\"https:\/\/izacat.com\/#website\"},\"datePublished\":\"2022-11-16T08:43:18+00:00\",\"dateModified\":\"2024-03-21T09:26:01+00:00\",\"breadcrumb\":{\"@id\":\"https:\/\/izacat.com\/ca\/avis-legal\/#breadcrumb\"},\"inLanguage\":\"ca\",\"potentialAction\":[{\"@type\":\"ReadAction\",\"target\":[\"https:\/\/izacat.com\/ca\/avis-legal\/\"]}]},{\"@type\":\"BreadcrumbList\",\"@id\":\"https:\/\/izacat.com\/ca\/avis-legal\/#breadcrumb\",\"itemListElement\":[{\"@type\":\"ListItem\",\"position\":1,\"name\":\"Portada\",\"item\":\"https:\/\/izacat.com\/ca\/\"},{\"@type\":\"ListItem\",\"position\":2,\"name\":\"Av\u00eds legal\"}]},{\"@type\":\"WebSite\",\"@id\":\"https:\/\/izacat.com\/#website\",\"url\":\"https:\/\/izacat.com\/\",\"name\":\"Izacat - Consultor\u00eda y asesor\u00eda para oficinas de farmacias\",\"description\":\"Consultor\u00eda y asesor\u00eda especializada de tu oficina  de farmacia\",\"potentialAction\":[{\"@type\":\"SearchAction\",\"target\":{\"@type\":\"EntryPoint\",\"urlTemplate\":\"https:\/\/izacat.com\/?s={search_term_string}\"},\"query-input\":{\"@type\":\"PropertyValueSpecification\",\"valueRequired\":true,\"valueName\":\"search_term_string\"}}],\"inLanguage\":\"ca\"}]}<\/script>\n<!-- \/ Yoast SEO plugin. -->","yoast_head_json":{"title":"Av\u00eds legal - Izacat - Consultor\u00eda y asesor\u00eda para oficinas de farmacias","robots":{"index":"index","follow":"follow","max-snippet":"max-snippet:-1","max-image-preview":"max-image-preview:large","max-video-preview":"max-video-preview:-1"},"canonical":"https:\/\/izacat.com\/ca\/avis-legal\/","og_locale":"ca_ES","og_type":"article","og_title":"Av\u00eds legal - Izacat - Consultor\u00eda y asesor\u00eda para oficinas de farmacias","og_description":"PULLMAN ASESORES Informaci\u00f3 de Conformitat amb l\u2019article 10 de la LSSI La titular d\u2019aquesta web \u00e9s: Identitat:\u00a0PULLMAN ASESORES NIF: B66563552 Adre\u00e7a: Calle Madrazo 27, 1\u00ba, 1\u00aa y 2\u00aa, 08006, Barcelona [&hellip;]","og_url":"https:\/\/izacat.com\/ca\/avis-legal\/","og_site_name":"Izacat - Consultor\u00eda y asesor\u00eda para oficinas de farmacias","article_modified_time":"2024-03-21T09:26:01+00:00","twitter_card":"summary_large_image","twitter_misc":{"Temps estimat de lectura":"2 minuts"},"schema":{"@context":"https:\/\/schema.org","@graph":[{"@type":"WebPage","@id":"https:\/\/izacat.com\/ca\/avis-legal\/","url":"https:\/\/izacat.com\/ca\/avis-legal\/","name":"Av\u00eds legal - Izacat - Consultor\u00eda y asesor\u00eda para oficinas de farmacias","isPartOf":{"@id":"https:\/\/izacat.com\/#website"},"datePublished":"2022-11-16T08:43:18+00:00","dateModified":"2024-03-21T09:26:01+00:00","breadcrumb":{"@id":"https:\/\/izacat.com\/ca\/avis-legal\/#breadcrumb"},"inLanguage":"ca","potentialAction":[{"@type":"ReadAction","target":["https:\/\/izacat.com\/ca\/avis-legal\/"]}]},{"@type":"BreadcrumbList","@id":"https:\/\/izacat.com\/ca\/avis-legal\/#breadcrumb","itemListElement":[{"@type":"ListItem","position":1,"name":"Portada","item":"https:\/\/izacat.com\/ca\/"},{"@type":"ListItem","position":2,"name":"Av\u00eds legal"}]},{"@type":"WebSite","@id":"https:\/\/izacat.com\/#website","url":"https:\/\/izacat.com\/","name":"Izacat - Consultor\u00eda y asesor\u00eda para oficinas de farmacias","description":"Consultor\u00eda y asesor\u00eda especializada de tu oficina  de farmacia","potentialAction":[{"@type":"SearchAction","target":{"@type":"EntryPoint","urlTemplate":"https:\/\/izacat.com\/?s={search_term_string}"},"query-input":{"@type":"PropertyValueSpecification","valueRequired":true,"valueName":"search_term_string"}}],"inLanguage":"ca"}]}},"_links":{"self":[{"href":"https:\/\/izacat.com\/ca\/wp-json\/wp\/v2\/pages\/2613","targetHints":{"allow":["GET"]}}],"collection":[{"href":"https:\/\/izacat.com\/ca\/wp-json\/wp\/v2\/pages"}],"about":[{"href":"https:\/\/izacat.com\/ca\/wp-json\/wp\/v2\/types\/page"}],"author":[{"embeddable":true,"href":"https:\/\/izacat.com\/ca\/wp-json\/wp\/v2\/users\/2"}],"replies":[{"embeddable":true,"href":"https:\/\/izacat.com\/ca\/wp-json\/wp\/v2\/comments?post=2613"}],"version-history":[{"count":7,"href":"https:\/\/izacat.com\/ca\/wp-json\/wp\/v2\/pages\/2613\/revisions"}],"predecessor-version":[{"id":2623,"href":"https:\/\/izacat.com\/ca\/wp-json\/wp\/v2\/pages\/2613\/revisions\/2623"}],"wp:attachment":[{"href":"https:\/\/izacat.com\/ca\/wp-json\/wp\/v2\/media?parent=2613"}],"curies":[{"name":"wp","href":"https:\/\/api.w.org\/{rel}","templated":true}]}}